{"id":806,"date":"2016-09-26T12:48:05","date_gmt":"2016-09-26T12:48:05","guid":{"rendered":"http:\/\/vladanzlatic.com\/airpro\/wordpress\/?page_id=806"},"modified":"2024-10-05T14:16:53","modified_gmt":"2024-10-05T19:16:53","slug":"servicio-de-instalacion","status":"publish","type":"page","link":"https:\/\/www.atlantiscool.com.pa\/es\/servicios\/servicio-de-instalacion\/","title":{"rendered":"Servicio de instalaci\u00f3n"},"content":{"rendered":"<div class=\"wpb-content-wrapper\"><p>[vc_row equal_height=&#8221;yes&#8221; content_placement=&#8221;top&#8221;][vc_column width=&#8221;1\/2&#8243; css=&#8221;.vc_custom_1481531743595{margin-bottom: 20px !important;}&#8221;][vc_custom_heading text=&#8221;Servicio de Instalaci\u00f3n&#8221; use_theme_fonts=&#8221;yes&#8221;][vc_custom_heading text=&#8221;Ofrecemos un servicio profesional de instalaci\u00f3n de aire acondicionado en Panam\u00e1, adaptado a las necesidades de tu hogar o negocio. Nuestro equipo de t\u00e9cnicos certificados se encarga de cada detalle, asegurando que tu sistema funcione de manera \u00f3ptima desde el primer d\u00eda.&#8221; font_container=&#8221;tag:p|font_size:14px|text_align:left&#8221; use_theme_fonts=&#8221;yes&#8221; css=&#8221;&#8221;][vc_custom_heading text=&#8221;Contacto&#8221; font_container=&#8221;tag:h4|text_align:left&#8221; use_theme_fonts=&#8221;yes&#8221; css=&#8221;.vc_custom_1728152836125{margin-top: 25px !important;margin-bottom: 5px !important;}&#8221;][vc_custom_heading text=&#8221;Tel\u00e9fonos: +507 214-6075 | +507 214-3565&#8243; font_container=&#8221;tag:p|font_size:14px|text_align:left&#8221; use_theme_fonts=&#8221;yes&#8221; css=&#8221;&#8221;][vc_btn title=&#8221;SOLICITAR COTIZACI\u00d3N V\u00cdA WHATSAPP&#8221; color=&#8221;success&#8221; align=&#8221;center&#8221; button_block=&#8221;true&#8221; link=&#8221;url:https%3A%2F%2Fwa.link%2Fut9k6x|||&#8221;][\/vc_column][vc_column width=&#8221;1\/2&#8243;][vc_single_image image=&#8221;3686&#8243; img_size=&#8221;medium&#8221; css=&#8221;.vc_custom_1728155622188{margin-bottom: 20px !important;}&#8221;][\/vc_column][\/vc_row]<\/p>\n<\/div>","protected":false},"excerpt":{"rendered":"<p>[vc_row equal_height=&#8221;yes&#8221; content_placement=&#8221;top&#8221;][vc_column width=&#8221;1\/2&#8243; css=&#8221;.vc_custom_1481531743595{margin-bottom: 20px !important;}&#8221;][vc_custom_heading text=&#8221;Servicio de Instalaci\u00f3n&#8221; use_theme_fonts=&#8221;yes&#8221;][vc_custom_heading text=&#8221;Ofrecemos un servicio profesional de instalaci\u00f3n de aire acondicionado&nbsp;<a href=\"https:\/\/www.atlantiscool.com.pa\/es\/servicios\/servicio-de-instalacion\/\">[&hellip;]<\/a><\/p>\n","protected":false},"author":1,"featured_media":0,"parent":643,"menu_order":0,"comment_status":"closed","ping_status":"closed","template":"template-sidebar-left-childpages.php","meta":{"footnotes":""},"class_list":["post-806","page","type-page","status-publish","hentry"],"_links":{"self":[{"href":"https:\/\/www.atlantiscool.com.pa\/es\/wp-json\/wp\/v2\/pages\/806","targetHints":{"allow":["GET"]}}],"collection":[{"href":"https:\/\/www.atlantiscool.com.pa\/es\/wp-json\/wp\/v2\/pages"}],"about":[{"href":"https:\/\/www.atlantiscool.com.pa\/es\/wp-json\/wp\/v2\/types\/page"}],"author":[{"embeddable":true,"href":"https:\/\/www.atlantiscool.com.pa\/es\/wp-json\/wp\/v2\/users\/1"}],"replies":[{"embeddable":true,"href":"https:\/\/www.atlantiscool.com.pa\/es\/wp-json\/wp\/v2\/comments?post=806"}],"version-history":[{"count":10,"href":"https:\/\/www.atlantiscool.com.pa\/es\/wp-json\/wp\/v2\/pages\/806\/revisions"}],"predecessor-version":[{"id":3721,"href":"https:\/\/www.atlantiscool.com.pa\/es\/wp-json\/wp\/v2\/pages\/806\/revisions\/3721"}],"up":[{"embeddable":true,"href":"https:\/\/www.atlantiscool.com.pa\/es\/wp-json\/wp\/v2\/pages\/643"}],"wp:attachment":[{"href":"https:\/\/www.atlantiscool.com.pa\/es\/wp-json\/wp\/v2\/media?parent=806"}],"curies":[{"name":"wp","href":"https:\/\/api.w.org\/{rel}","templated":true}]}}