{"id":643,"date":"2016-09-23T10:26:41","date_gmt":"2016-09-23T10:26:41","guid":{"rendered":"http:\/\/vladanzlatic.com\/airpro\/wordpress\/?page_id=643"},"modified":"2024-10-05T14:36:25","modified_gmt":"2024-10-05T19:36:25","slug":"servicios","status":"publish","type":"page","link":"https:\/\/www.atlantiscool.com.pa\/es\/servicios\/","title":{"rendered":"Servicios"},"content":{"rendered":"<div class=\"wpb-content-wrapper\"><p>[vc_row css=&#8221;.vc_custom_1479205270445{margin-bottom: 50px !important;}&#8221;][vc_column width=&#8221;1\/2&#8243; el_class=&#8221;airpro-service&#8221;][vc_single_image image=&#8221;3686&#8243; img_size=&#8221;410*220&#8243; css=&#8221;.vc_custom_1728156966180{margin-bottom: 25px !important;}&#8221;][vc_custom_heading text=&#8221;Instalaci\u00f3n&#8221; use_theme_fonts=&#8221;yes&#8221; css=&#8221;&#8221; link=&#8221;url:http%3A%2F%2Fwww.atlantiscool.com.pa%2Fes%2Fservicios%2Fservicio-de-instalacion%2F||target:%20_blank|&#8221;][vc_custom_heading text=&#8221;Servicio profesional de instalaci\u00f3n de aire acondicionado en Panam\u00e1, adaptado a las necesidades de tu hogar o negocio. Nuestro equipo de t\u00e9cnicos certificados se encarga de cada detalle, asegurando que tu sistema funcione de manera \u00f3ptima desde el primer d\u00eda.&#8221; font_container=&#8221;tag:p|font_size:14px|text_align:left&#8221; use_theme_fonts=&#8221;yes&#8221; css=&#8221;&#8221;][vc_custom_heading text=&#8221;SABER M\u00c1S&#8221; font_container=&#8221;tag:h6|text_align:left|color:%2300aedd&#8221; use_theme_fonts=&#8221;yes&#8221; css=&#8221;.vc_custom_1536031401703{margin-top: 25px !important;}&#8221; link=&#8221;url:http%3A%2F%2Fwww.atlantiscool.com.pa%2Fes%2Fservicios%2Fservicio-de-instalacion%2F|||&#8221;][\/vc_column][vc_column width=&#8221;1\/2&#8243; el_class=&#8221;airpro-service&#8221;][vc_single_image image=&#8221;3713&#8243; img_size=&#8221;410*220&#8243; css=&#8221;.vc_custom_1728156971439{margin-bottom: 25px !important;}&#8221;][vc_custom_heading text=&#8221;Preventivo&#8221; use_theme_fonts=&#8221;yes&#8221; css=&#8221;&#8221; link=&#8221;url:http%3A%2F%2Fwww.atlantiscool.com.pa%2Fes%2Fservicios%2Fservicio-preventivo%2F|||&#8221;][vc_custom_heading text=&#8221;Ofrecemos un servicio preventivo de mantenimiento dise\u00f1ado para maximizar la eficiencia y prolongar la vida \u00fatil de tus sistemas de aire acondicionado.&#8221; font_container=&#8221;tag:p|font_size:14px|text_align:left&#8221; use_theme_fonts=&#8221;yes&#8221; css=&#8221;&#8221;][vc_custom_heading text=&#8221;SABER M\u00c1S&#8221; font_container=&#8221;tag:h6|text_align:left|color:%2300aedd&#8221; use_theme_fonts=&#8221;yes&#8221; css=&#8221;.vc_custom_1536031216343{margin-top: 25px !important;}&#8221; link=&#8221;url:http%3A%2F%2Fwww.atlantiscool.com.pa%2Fes%2Fservicios%2Fservicio-preventivo%2F|||&#8221;][\/vc_column][\/vc_row][vc_row css=&#8221;.vc_custom_1479205270445{margin-bottom: 50px !important;}&#8221;][vc_column width=&#8221;1\/2&#8243; el_class=&#8221;airpro-service&#8221;][vc_single_image image=&#8221;3710&#8243; img_size=&#8221;410*220&#8243; css=&#8221;.vc_custom_1728156977489{margin-bottom: 25px !important;}&#8221;][vc_custom_heading text=&#8221;T\u00e9cnico&#8221; use_theme_fonts=&#8221;yes&#8221; css=&#8221;&#8221; link=&#8221;url:http%3A%2F%2Fwww.atlantiscool.com.pa%2Fes%2Fservicios%2Fservicio-a-domicilio%2F|||&#8221;][vc_custom_heading text=&#8221;Servicio t\u00e9cnico especializado para todo tipo de sistemas de aire acondicionado. Nuestro equipo de t\u00e9cnicos certificados est\u00e1 capacitado para diagnosticar y reparar cualquier falla, garantizando que tu equipo funcione de manera eficiente y segura.&#8221; font_container=&#8221;tag:p|font_size:14px|text_align:left&#8221; use_theme_fonts=&#8221;yes&#8221; css=&#8221;&#8221;][vc_custom_heading text=&#8221;SABER M\u00c1S&#8221; font_container=&#8221;tag:h6|text_align:left|color:%2300aedd&#8221; use_theme_fonts=&#8221;yes&#8221; css=&#8221;.vc_custom_1536031324642{margin-top: 25px !important;margin-bottom: 50px !important;}&#8221; link=&#8221;url:http%3A%2F%2Fwww.atlantiscool.com.pa%2Fes%2Fservicios%2Fservicio-a-domicilio%2F|||&#8221;][\/vc_column][vc_column width=&#8221;1\/2&#8243; el_class=&#8221;airpro-service&#8221;][vc_single_image image=&#8221;3578&#8243; img_size=&#8221;410*220&#8243; css=&#8221;.vc_custom_1728156983520{margin-bottom: 25px !important;}&#8221;][vc_custom_heading text=&#8221;Servicio Post-Venta&#8221; use_theme_fonts=&#8221;yes&#8221; link=&#8221;url:http%3A%2F%2Fwww.atlantiscool.com.pa%2Fes%2Fservicios%2Fservicio-preventivo%2F|||&#8221;][vc_custom_heading text=&#8221;Garantizamos su satisfacci\u00f3n con el sistemas de aire acondicionado. Nuestro objetivo es brindarle soporte continuo y atenci\u00f3n personalizada, asegurando la mejor experiencia con nuestros servicios.&#8221; font_container=&#8221;tag:p|font_size:14px|text_align:left&#8221; use_theme_fonts=&#8221;yes&#8221; css=&#8221;&#8221;][vc_custom_heading text=&#8221;SABER M\u00c1S&#8221; font_container=&#8221;tag:h6|text_align:left|color:%2300aedd&#8221; use_theme_fonts=&#8221;yes&#8221; css=&#8221;.vc_custom_1647626966218{margin-top: 25px !important;}&#8221; link=&#8221;url:https%3A%2F%2Fwww.atlantiscool.com.pa%2Fes%2Fservicios%2Fservicios-post-venta%2F|||&#8221;][\/vc_column][\/vc_row]<\/p>\n<\/div>","protected":false},"excerpt":{"rendered":"<p>[vc_row css=&#8221;.vc_custom_1479205270445{margin-bottom: 50px !important;}&#8221;][vc_column width=&#8221;1\/2&#8243; el_class=&#8221;airpro-service&#8221;][vc_single_image image=&#8221;3686&#8243; img_size=&#8221;410*220&#8243; css=&#8221;.vc_custom_1728156966180{margin-bottom: 25px !important;}&#8221;][vc_custom_heading text=&#8221;Instalaci\u00f3n&#8221; use_theme_fonts=&#8221;yes&#8221; css=&#8221;&#8221; link=&#8221;url:http%3A%2F%2Fwww.atlantiscool.com.pa%2Fes%2Fservicios%2Fservicio-de-instalacion%2F||target:%20_blank|&#8221;][vc_custom_heading text=&#8221;Servicio profesional de instalaci\u00f3n de&nbsp;<a href=\"https:\/\/www.atlantiscool.com.pa\/es\/servicios\/\">[&hellip;]<\/a><\/p>\n","protected":false},"author":1,"featured_media":0,"parent":0,"menu_order":0,"comment_status":"closed","ping_status":"closed","template":"template-sidebar-left-childpages.php","meta":{"footnotes":""},"class_list":["post-643","page","type-page","status-publish","hentry"],"_links":{"self":[{"href":"https:\/\/www.atlantiscool.com.pa\/es\/wp-json\/wp\/v2\/pages\/643","targetHints":{"allow":["GET"]}}],"collection":[{"href":"https:\/\/www.atlantiscool.com.pa\/es\/wp-json\/wp\/v2\/pages"}],"about":[{"href":"https:\/\/www.atlantiscool.com.pa\/es\/wp-json\/wp\/v2\/types\/page"}],"author":[{"embeddable":true,"href":"https:\/\/www.atlantiscool.com.pa\/es\/wp-json\/wp\/v2\/users\/1"}],"replies":[{"embeddable":true,"href":"https:\/\/www.atlantiscool.com.pa\/es\/wp-json\/wp\/v2\/comments?post=643"}],"version-history":[{"count":20,"href":"https:\/\/www.atlantiscool.com.pa\/es\/wp-json\/wp\/v2\/pages\/643\/revisions"}],"predecessor-version":[{"id":3728,"href":"https:\/\/www.atlantiscool.com.pa\/es\/wp-json\/wp\/v2\/pages\/643\/revisions\/3728"}],"wp:attachment":[{"href":"https:\/\/www.atlantiscool.com.pa\/es\/wp-json\/wp\/v2\/media?parent=643"}],"curies":[{"name":"wp","href":"https:\/\/api.w.org\/{rel}","templated":true}]}}