{"id":641,"date":"2016-09-23T10:26:22","date_gmt":"2016-09-23T10:26:22","guid":{"rendered":"http:\/\/vladanzlatic.com\/airpro\/wordpress\/?page_id=641"},"modified":"2024-10-05T13:20:04","modified_gmt":"2024-10-05T18:20:04","slug":"quienes-somos","status":"publish","type":"page","link":"https:\/\/www.atlantiscool.com.pa\/es\/quienes-somos\/","title":{"rendered":"Quienes somos"},"content":{"rendered":"<div class=\"wpb-content-wrapper\"><p>[vc_row css=&#8221;.vc_custom_1479204622560{background-color: #ffffff !important;}&#8221; el_class=&#8221;top-row&#8221;][vc_column css=&#8221;.vc_custom_1477050417128{padding-top: 36px !important;padding-right: 36px !important;padding-bottom: 36px !important;padding-left: 36px !important;background-color: #f2f2f2 !important;}&#8221; el_class=&#8221;wh-box-big&#8221; offset=&#8221;vc_col-md-8&#8243;][vc_custom_heading text=&#8221;Nuestra historia&#8221; font_container=&#8221;tag:p|text_align:left|color:%23bababa&#8221; use_theme_fonts=&#8221;yes&#8221; css=&#8221;.vc_custom_1537279006975{margin-bottom: 0px !important;}&#8221;][vc_custom_heading text=&#8221;<b>Atlantis Cool Inc<\/b>&#8221; use_theme_fonts=&#8221;yes&#8221; css=&#8221;.vc_custom_1728152402739{margin-bottom: 20px !important;}&#8221;][vc_single_image image=&#8221;3686&#8243; img_size=&#8221;full&#8221; onclick=&#8221;custom_link&#8221; img_link_target=&#8221;_blank&#8221; css_animation=&#8221;left-to-right&#8221; css=&#8221;.vc_custom_1728150183715{margin-bottom: 23px !important;}&#8221;][vc_column_text css=&#8221;.vc_custom_1728152354641{margin-bottom: 25px !important;}&#8221;]En <strong>Atlantis Cool Inc<\/strong>, somos una empresa especializada en aire Acondicionado en Panam\u00e1 con m\u00e1s de 30 A\u00f1os de experiencia, ofreciendo una <strong>selecci\u00f3n personalizada e instalaci\u00f3n profesional<\/strong> <strong>con servicio post-venta<\/strong> adaptado a cada necesidad. Nos comprometemos a proporcionar soluciones eficientes.<\/p>\n<p><strong>Servicios de aire acondicionado<\/strong><\/p>\n<ul>\n<li><strong>Asesor\u00edas y proyectos personalizados<\/strong> para sistemas de climatizaci\u00f3n.<\/li>\n<li><strong>Instalaciones<\/strong> de aires acondicionados para aplicaciones residenciales, comerciales e industriales.<\/li>\n<li><strong>Mantenimiento preventivo y correctivo<\/strong> de todo tipo de sistemas, desde unidades residenciales hasta grandes sistemas industriales como <strong>sistemas chillers<\/strong> y <strong>torres de enfriamiento<\/strong>.<\/li>\n<li><strong>Sistemas de ventilaci\u00f3n <\/strong>garantizando una circulaci\u00f3n de aire adecuada en cualquier espacio.<\/li>\n<\/ul>\n<h5><strong>Soluciones de climatizaci\u00f3n eficientes, con un enfoque en la sostenibilidad y el ahorro energ\u00e9tico.<\/strong><\/h5>\n<p>[\/vc_column_text][\/vc_column][vc_column el_class=&#8221;wh-box-big-left&#8221; offset=&#8221;vc_col-md-4&#8243; css=&#8221;.vc_custom_1479891183717{padding-top: 0px !important;}&#8221;][vc_column_inner][\/vc_column_inner][vc_row_inner css=&#8221;.vc_custom_1479891169231{padding-top: 0px !important;}&#8221;][vc_column_inner css=&#8221;.vc_custom_1479891176513{padding-top: 0px !important;}&#8221;][vc_empty_space height=&#8221;80px&#8221;][vc_custom_heading text=&#8221;Experiencia&#8221; font_container=&#8221;tag:h5|text_align:left&#8221; use_theme_fonts=&#8221;yes&#8221; css=&#8221;.vc_custom_1641335871446{padding-top: 30px !important;}&#8221;][vc_column_text css=&#8221;.vc_custom_1537283725534{margin-bottom: 20px !important;}&#8221;]<\/p>\n<p style=\"text-align: justify;\">30 a\u00f1os trabajando para climatizar tus espacios. Con profesionales altamente preparados, y productos garantizados.<\/p>\n<p>[\/vc_column_text][\/vc_column_inner][\/vc_row_inner][vc_row_inner][vc_column_inner][vc_empty_space height=&#8221;50px&#8221;][vc_images_carousel images=&#8221;3388,3390,2926,3319,3313,3314,2927&#8243; img_size=&#8221;full&#8221; onclick=&#8221;link_no&#8221; speed=&#8221;3000&#8243; autoplay=&#8221;yes&#8221; hide_pagination_control=&#8221;yes&#8221; wrap=&#8221;yes&#8221;][\/vc_column_inner][\/vc_row_inner][\/vc_column][\/vc_row]<\/p>\n<\/div>","protected":false},"excerpt":{"rendered":"<p>[vc_row css=&#8221;.vc_custom_1479204622560{background-color: #ffffff !important;}&#8221; el_class=&#8221;top-row&#8221;][vc_column css=&#8221;.vc_custom_1477050417128{padding-top: 36px !important;padding-right: 36px !important;padding-bottom: 36px !important;padding-left: 36px !important;background-color: #f2f2f2 !important;}&#8221; el_class=&#8221;wh-box-big&#8221; offset=&#8221;vc_col-md-8&#8243;][vc_custom_heading text=&#8221;Nuestra historia&#8221;&nbsp;<a href=\"https:\/\/www.atlantiscool.com.pa\/es\/quienes-somos\/\">[&hellip;]<\/a><\/p>\n","protected":false},"author":1,"featured_media":0,"parent":0,"menu_order":0,"comment_status":"closed","ping_status":"closed","template":"template-fullwidth.php","meta":{"footnotes":""},"class_list":["post-641","page","type-page","status-publish","hentry"],"_links":{"self":[{"href":"https:\/\/www.atlantiscool.com.pa\/es\/wp-json\/wp\/v2\/pages\/641","targetHints":{"allow":["GET"]}}],"collection":[{"href":"https:\/\/www.atlantiscool.com.pa\/es\/wp-json\/wp\/v2\/pages"}],"about":[{"href":"https:\/\/www.atlantiscool.com.pa\/es\/wp-json\/wp\/v2\/types\/page"}],"author":[{"embeddable":true,"href":"https:\/\/www.atlantiscool.com.pa\/es\/wp-json\/wp\/v2\/users\/1"}],"replies":[{"embeddable":true,"href":"https:\/\/www.atlantiscool.com.pa\/es\/wp-json\/wp\/v2\/comments?post=641"}],"version-history":[{"count":33,"href":"https:\/\/www.atlantiscool.com.pa\/es\/wp-json\/wp\/v2\/pages\/641\/revisions"}],"predecessor-version":[{"id":3698,"href":"https:\/\/www.atlantiscool.com.pa\/es\/wp-json\/wp\/v2\/pages\/641\/revisions\/3698"}],"wp:attachment":[{"href":"https:\/\/www.atlantiscool.com.pa\/es\/wp-json\/wp\/v2\/media?parent=641"}],"curies":[{"name":"wp","href":"https:\/\/api.w.org\/{rel}","templated":true}]}}