{"id":13,"date":"2016-04-12T10:36:11","date_gmt":"2016-04-12T10:36:11","guid":{"rendered":"http:\/\/local.care\/?page_id=13"},"modified":"2025-06-12T09:37:18","modified_gmt":"2025-06-12T14:37:18","slug":"home","status":"publish","type":"page","link":"https:\/\/www.atlantiscool.com.pa\/es\/","title":{"rendered":"Inicio"},"content":{"rendered":"<div class=\"wpb-content-wrapper\"><p>[vc_row][vc_column]<div class=\"wpb_layerslider_element wpb_content_element\"><script type=\"text\/javascript\">var lsjQuery = jQuery;lsjQuery(document).ready(function() {\r\nif(typeof lsjQuery.fn.layerSlider == \"undefined\") {\r\nif( window._layerSlider && window._layerSlider.showNotice) { \r\nwindow._layerSlider.showNotice('layerslider_2','jquery');\r\n}\r\n} else {\r\nlsjQuery(\"#layerslider_2\").layerSlider({sliderVersion: '6.7.6', type: 'fullwidth', responsiveUnder: 1140, hideUnder: 0, hideOver: 100000, cycles: 50, forceLayersOutDuration: 1000, skin: 'v5', navStartStop: false, navButtons: false, skinsPath: 'https:\/\/www.atlantiscool.com.pa\/es\/wp-content\/plugins\/LayerSlider\/static\/layerslider\/skins\/'});\r\n}\r\n});\r\n<\/script><div id=\"layerslider_2\" class=\"ls-wp-container fitvidsignore\" style=\"width:1920px;height:600px;margin:0 auto;margin-bottom: 0px;\"><div class=\"ls-slide\" data-ls=\"duration:4000;transition2d:5,15;kenburnsscale:1.2;\"><img loading=\"lazy\" decoding=\"async\" width=\"2560\" height=\"1707\" src=\"https:\/\/www.atlantiscool.com.pa\/es\/wp-content\/uploads\/2024\/10\/pexels-heyho-11701115-scaled.jpg\" class=\"ls-bg\" alt=\"\" srcset=\"https:\/\/www.atlantiscool.com.pa\/es\/wp-content\/uploads\/2024\/10\/pexels-heyho-11701115-scaled.jpg 2560w, https:\/\/www.atlantiscool.com.pa\/es\/wp-content\/uploads\/2024\/10\/pexels-heyho-11701115-300x200.jpg 300w, https:\/\/www.atlantiscool.com.pa\/es\/wp-content\/uploads\/2024\/10\/pexels-heyho-11701115-1024x683.jpg 1024w, https:\/\/www.atlantiscool.com.pa\/es\/wp-content\/uploads\/2024\/10\/pexels-heyho-11701115-768x512.jpg 768w, https:\/\/www.atlantiscool.com.pa\/es\/wp-content\/uploads\/2024\/10\/pexels-heyho-11701115-1536x1024.jpg 1536w, https:\/\/www.atlantiscool.com.pa\/es\/wp-content\/uploads\/2024\/10\/pexels-heyho-11701115-2048x1365.jpg 2048w, https:\/\/www.atlantiscool.com.pa\/es\/wp-content\/uploads\/2024\/10\/pexels-heyho-11701115-150x100.jpg 150w, https:\/\/www.atlantiscool.com.pa\/es\/wp-content\/uploads\/2024\/10\/pexels-heyho-11701115-480x320.jpg 480w\" sizes=\"auto, (max-width: 2560px) 100vw, 2560px\" \/><h1 style=\"font-weight: 800;width:579px;padding-left:25px;font-size:48px;line-height:36px;top:151px;left:524px;white-space:normal;\" class=\"ls-l slider-hd-sec\" data-ls=\"offsetyin:200;offsetyout:-200;durationout:400;parallaxlevel:0;\">Refresca tus d\u00edas<\/h1><p style=\"font-weight: 900;font-size:46px;top:204px;left:628px;font-weight:900;font-family:Open Sans;\" class=\"ls-l slider-hd-prim\" data-ls=\"offsetxin:80;offsetxout:-80;durationout:400;parallaxlevel:0;\">30 a\u00f1os climatizando espacios.<\/p><\/div><div class=\"ls-slide\" data-ls=\"duration:3500;kenburnsscale:1.2;\"><img loading=\"lazy\" decoding=\"async\" width=\"2560\" height=\"1920\" src=\"https:\/\/www.atlantiscool.com.pa\/es\/wp-content\/uploads\/2024\/10\/pexels-thoinamcao-22743875-scaled.jpg\" class=\"ls-bg\" alt=\"\" srcset=\"https:\/\/www.atlantiscool.com.pa\/es\/wp-content\/uploads\/2024\/10\/pexels-thoinamcao-22743875-scaled.jpg 2560w, https:\/\/www.atlantiscool.com.pa\/es\/wp-content\/uploads\/2024\/10\/pexels-thoinamcao-22743875-300x225.jpg 300w, https:\/\/www.atlantiscool.com.pa\/es\/wp-content\/uploads\/2024\/10\/pexels-thoinamcao-22743875-1024x768.jpg 1024w, https:\/\/www.atlantiscool.com.pa\/es\/wp-content\/uploads\/2024\/10\/pexels-thoinamcao-22743875-768x576.jpg 768w, https:\/\/www.atlantiscool.com.pa\/es\/wp-content\/uploads\/2024\/10\/pexels-thoinamcao-22743875-1536x1152.jpg 1536w, https:\/\/www.atlantiscool.com.pa\/es\/wp-content\/uploads\/2024\/10\/pexels-thoinamcao-22743875-2048x1536.jpg 2048w, https:\/\/www.atlantiscool.com.pa\/es\/wp-content\/uploads\/2024\/10\/pexels-thoinamcao-22743875-150x113.jpg 150w\" sizes=\"auto, (max-width: 2560px) 100vw, 2560px\" \/><\/div><div class=\"ls-slide\" data-ls=\"duration:3800;transition2d:5,37;kenburnsscale:1.2;\"><img loading=\"lazy\" decoding=\"async\" width=\"1280\" height=\"960\" src=\"https:\/\/www.atlantiscool.com.pa\/es\/wp-content\/uploads\/2024\/10\/WhatsApp-Image-2024-10-05-at-10.41.36.jpeg\" class=\"ls-bg\" alt=\"\" srcset=\"https:\/\/www.atlantiscool.com.pa\/es\/wp-content\/uploads\/2024\/10\/WhatsApp-Image-2024-10-05-at-10.41.36.jpeg 1280w, https:\/\/www.atlantiscool.com.pa\/es\/wp-content\/uploads\/2024\/10\/WhatsApp-Image-2024-10-05-at-10.41.36-300x225.jpeg 300w, https:\/\/www.atlantiscool.com.pa\/es\/wp-content\/uploads\/2024\/10\/WhatsApp-Image-2024-10-05-at-10.41.36-1024x768.jpeg 1024w, https:\/\/www.atlantiscool.com.pa\/es\/wp-content\/uploads\/2024\/10\/WhatsApp-Image-2024-10-05-at-10.41.36-768x576.jpeg 768w, https:\/\/www.atlantiscool.com.pa\/es\/wp-content\/uploads\/2024\/10\/WhatsApp-Image-2024-10-05-at-10.41.36-150x113.jpeg 150w\" sizes=\"auto, (max-width: 1280px) 100vw, 1280px\" \/><h1 style=\"font-weight: 700; letter-spacing: 0.2em; text-transform: uppercase;padding-left:25px;font-size:25px;color:#fff;top:326px;left:718px;\" class=\"ls-l\" data-ls=\"offsetyin:200;offsetyout:-200;durationout:400;parallaxlevel:0;\"><\/h1><h1 style=\"font-weight: 700;width:600px;padding-left:25px;font-size:40px;line-height:42px;color:#fff;top:228px;left:641px;white-space:normal;\" class=\"ls-l\" data-ls=\"offsetyin:200;offsetyout:-200;durationout:400;parallaxlevel:0;\">\u00a0 \u00a0 \u00a0 \u00a0Especialistas en aire acondicionado y ventilaci\u00f3n.<\/h1><\/div><\/div><\/div>[\/vc_column][\/vc_row][vc_row full_height=&#8221;yes&#8221; equal_height=&#8221;yes&#8221; css=&#8221;.vc_custom_1538105576192{background-color: #f3f3f3 !important;}&#8221;][vc_column width=&#8221;1\/2&#8243; css=&#8221;.vc_custom_1538101901481{border-top-width: 6px !important;border-right-width: 6px !important;border-bottom-width: 6px !important;border-left-width: 6px !important;padding-top: 36px !important;padding-right: 36px !important;padding-bottom: 36px !important;padding-left: 36px !important;background-color: #f2f2f2 !important;}&#8221; offset=&#8221;vc_col-md-6&#8243;][vc_custom_heading text=&#8221;Nuestra Historia&#8221; font_container=&#8221;tag:p|text_align:left|color:%23bababa&#8221; use_theme_fonts=&#8221;yes&#8221; css=&#8221;.vc_custom_1538105638489{margin-bottom: 0px !important;padding-top: 35px !important;}&#8221;][vc_custom_heading text=&#8221;Atlantis<b>Cool Inc.<\/b>&#8221; font_container=&#8221;tag:h1|text_align:left|color:%231E73BE&#8221; use_theme_fonts=&#8221;yes&#8221; css=&#8221;.vc_custom_1728085840880{margin-bottom: 20px !important;}&#8221;][vc_column_text]<\/p>\n<p style=\"text-align: justify;\">Somos una empresa dedicada por m\u00e1s de tres d\u00e9cadas a la comercializaci\u00f3n de equipos de aire acondicionado en <strong>Panam\u00e1<\/strong>, ofreciendo nuestra experiencia en cuanto a la selecci\u00f3n, instalaci\u00f3n y el servicio post venta m\u00e1s id\u00f3neo para cada aplicaci\u00f3n en particular, y as\u00ed brindarles a nuestros clientes unidades cada vez m\u00e1s eficientes en cuanto al ahorro de energ\u00eda y conservaci\u00f3n del medio ambiente.<\/p>\n<p>[\/vc_column_text][\/vc_column][vc_column width=&#8221;1\/2&#8243; offset=&#8221;vc_col-md-6&#8243;][vc_single_image image=&#8221;2898&#8243; img_size=&#8221;full&#8221; alignment=&#8221;center&#8221; css=&#8221;.vc_custom_1622672009984{padding-top: 20px !important;}&#8221;][\/vc_column][\/vc_row][vc_row gap=&#8221;25&#8243; equal_height=&#8221;yes&#8221; css=&#8221;.vc_custom_1489747915040{margin-bottom: 30px !important;padding-bottom: 0px !important;}&#8221;][vc_column][vc_text_separator title=&#8221;&#8221;][vc_custom_heading text=&#8221;<b>Aire acondicionado comercial<\/b>&#8221; font_container=&#8221;tag:h2|text_align:center&#8221; use_theme_fonts=&#8221;yes&#8221; css=&#8221;.vc_custom_1728144830589{margin-top: 38px !important;margin-bottom: 11px !important;}&#8221;][vc_row_inner][vc_column_inner width=&#8221;1\/3&#8243;][vc_single_image image=&#8221;3649&#8243; img_size=&#8221;1200&#215;1200&#8243; alignment=&#8221;center&#8221; css=&#8221;&#8221;][\/vc_column_inner][vc_column_inner width=&#8221;1\/3&#8243;][vc_single_image image=&#8221;3650&#8243; img_size=&#8221;1200&#215;1200&#8243; alignment=&#8221;center&#8221; css=&#8221;&#8221;][\/vc_column_inner][vc_column_inner width=&#8221;1\/3&#8243;][vc_single_image image=&#8221;3553&#8243; img_size=&#8221;1200&#215;1200&#8243;][\/vc_column_inner][\/vc_row_inner][vc_custom_heading text=&#8221;<b>Aire acondicionado residencial<\/b>&#8221; font_container=&#8221;tag:h2|text_align:center&#8221; use_theme_fonts=&#8221;yes&#8221; css=&#8221;.vc_custom_1728144553284{margin-top: 38px !important;margin-bottom: 11px !important;}&#8221;][vc_row_inner][vc_column_inner width=&#8221;1\/3&#8243;][vc_single_image image=&#8221;3646&#8243; img_size=&#8221;1200&#215;1200&#8243; alignment=&#8221;center&#8221; css=&#8221;&#8221;][\/vc_column_inner][vc_column_inner width=&#8221;1\/3&#8243;][vc_single_image image=&#8221;3552&#8243; img_size=&#8221;1200&#215;1200&#8243; alignment=&#8221;center&#8221;][\/vc_column_inner][vc_column_inner width=&#8221;1\/3&#8243;][vc_single_image image=&#8221;3553&#8243; img_size=&#8221;1200&#215;1200&#8243;][\/vc_column_inner][\/vc_row_inner][vc_btn title=&#8221;SOLICITAR COTIZACI\u00d3N V\u00cdA WHATSAPP&#8221; color=&#8221;success&#8221; align=&#8221;center&#8221; css=&#8221;&#8221; button_block=&#8221;true&#8221; link=&#8221;url:https%3A%2F%2Fwa.me%2F%3C%2B50767999958%3E&#8221;][\/vc_column][\/vc_row][vc_row css=&#8221;.vc_custom_1506612559391{margin-top: 30px !important;}&#8221;][vc_column css=&#8221;.vc_custom_1461592716078{margin-bottom: 0px !important;}&#8221;][vc_custom_heading text=&#8221;Nuestros <b>Servicios<\/b>&#8221; font_container=&#8221;tag:h2|text_align:center&#8221; use_theme_fonts=&#8221;yes&#8221; css=&#8221;.vc_custom_1537207620494{margin-top: 38px !important;margin-bottom: 11px !important;}&#8221;][\/vc_column][\/vc_row][vc_row gap=&#8221;35&#8243; equal_height=&#8221;yes&#8221; css=&#8221;.vc_custom_1506612570043{padding-bottom: 30px !important;}&#8221; el_class=&#8221;services-row&#8221;][vc_column width=&#8221;1\/2&#8243; offset=&#8221;vc_col-md-4&#8243; el_class=&#8221;wh-icon-box&#8221; css=&#8221;.vc_custom_1476690397558{border-top-width: 1px !important;border-right-width: 1px !important;border-bottom-width: 1px !important;border-left-width: 1px !important;padding-top: 23px !important;padding-bottom: 28px !important;border-left-color: #dcdcdc !important;border-left-style: solid !important;border-right-color: #dcdcdc !important;border-right-style: solid !important;border-top-color: #dcdcdc !important;border-top-style: solid !important;border-bottom-color: #dcdcdc !important;border-bottom-style: solid !important;}&#8221;]\n\t\t\t\t\t<div class=\"wh-theme-icon vc_custom_1728085944651 \" style=\"font-size:31px;position:absolute;color:#1E73BE!important;border:1px solid #dcdcdc;padding:14px;border-radius:16px;\"  >\n\t\t\t\t<i class=\"icon-dog3\" ><\/i>\n\t\t\t<\/div>\n\t\t\n\t\t[vc_custom_heading text=&#8221;T\u00e9cnico&#8221; font_container=&#8221;tag:h5|text_align:left|color:%231E73BE&#8221; use_theme_fonts=&#8221;yes&#8221; css=&#8221;.vc_custom_1728086099349{margin-bottom: 5px !important;padding-left: 88px !important;}&#8221; link=&#8221;url:http%3A%2F%2Fwww.atlantiscool.com.pa%2Fes%2Fservicios%2Fservicio-a-domicilio%2F|||&#8221;][vc_custom_heading text=&#8221;Atlantis Cool,cuenta con un departamento de Servicio T\u00e9cnico altamente profesional para la atenci\u00f3n post-venta.&#8221; font_container=&#8221;tag:p|font_size:14px|text_align:left&#8221; use_theme_fonts=&#8221;yes&#8221; css=&#8221;.vc_custom_1537277089622{margin-bottom: 0px !important;padding-top: 7px !important;padding-right: 20px !important;padding-left: 88px !important;}&#8221;][\/vc_column][vc_column width=&#8221;1\/2&#8243; offset=&#8221;vc_col-md-4&#8243; el_class=&#8221;wh-icon-box&#8221; css=&#8221;.vc_custom_1476690414519{border-top-width: 1px !important;border-right-width: 1px !important;border-bottom-width: 1px !important;border-left-width: 1px !important;padding-top: 23px !important;padding-bottom: 28px !important;border-left-color: #dcdcdc !important;border-left-style: solid !important;border-right-color: #dcdcdc !important;border-right-style: solid !important;border-top-color: #dcdcdc !important;border-top-style: solid !important;border-bottom-color: #dcdcdc !important;border-bottom-style: solid !important;}&#8221;]\n\t\t\t\t\t<div class=\"wh-theme-icon vc_custom_1728086043151 \" style=\"font-size:31px;position:absolute;color:#1E73BE!important;border:1px solid #dcdcdc;padding:14px;border-radius:16px;\"  >\n\t\t\t\t<i class=\"icon-box\" ><\/i>\n\t\t\t<\/div>\n\t\t\n\t\t[vc_custom_heading text=&#8221;Instalaci\u00f3n&#8221; font_container=&#8221;tag:h5|text_align:left|color:%231E73BE&#8221; use_theme_fonts=&#8221;yes&#8221; css=&#8221;.vc_custom_1728086057352{margin-bottom: 5px !important;padding-left: 88px !important;}&#8221; link=&#8221;url:http%3A%2F%2Fwww.atlantiscool.com.pa%2Fes%2Fservicios%2Fservicio-de-instalacion%2F|||&#8221;][vc_custom_heading text=&#8221;Ofrecemos una instalaci\u00f3n confiable y eficiente de A\/A se inicia con el mejor equipo y se completa con la instalaci\u00f3n realizada por profesionales de primera&#8221; font_container=&#8221;tag:p|font_size:14px|text_align:left&#8221; use_theme_fonts=&#8221;yes&#8221; css=&#8221;.vc_custom_1537277403726{margin-bottom: 0px !important;padding-top: 7px !important;padding-right: 20px !important;padding-left: 88px !important;}&#8221;][\/vc_column][vc_column width=&#8221;1\/2&#8243; offset=&#8221;vc_col-md-4&#8243; el_class=&#8221;wh-icon-box&#8221; css=&#8221;.vc_custom_1476690406894{border-top-width: 1px !important;border-right-width: 1px !important;border-bottom-width: 1px !important;border-left-width: 1px !important;padding-top: 23px !important;padding-bottom: 28px !important;border-left-color: #dcdcdc !important;border-left-style: solid !important;border-right-color: #dcdcdc !important;border-right-style: solid !important;border-top-color: #dcdcdc !important;border-top-style: solid !important;border-bottom-color: #dcdcdc !important;border-bottom-style: solid !important;}&#8221;]\n\t\t\t\t\t<div class=\"wh-theme-icon vc_custom_1728086036307 \" style=\"font-size:31px;position:absolute;color:#1E73BE!important;border:1px solid #dcdcdc;padding:14px;border-radius:16px;\"  >\n\t\t\t\t<i class=\"icon-telephone\" ><\/i>\n\t\t\t<\/div>\n\t\t\n\t\t[vc_custom_heading text=&#8221;Preventivo&#8221; font_container=&#8221;tag:h5|text_align:left|color:%231E73BE&#8221; use_theme_fonts=&#8221;yes&#8221; css=&#8221;.vc_custom_1728086015835{margin-bottom: 5px !important;padding-left: 88px !important;}&#8221; link=&#8221;url:http%3A%2F%2Fwww.atlantiscool.com.pa%2Fes%2Fservicios%2Fservicio-preventivo%2F|||&#8221;][vc_custom_heading text=&#8221;Servicio de Mantenimiento Preventivo y\/o Correctivo, sobre instalaciones y equipos provistos por nosotros, o existentes.&#8221; font_container=&#8221;tag:p|font_size:14px|text_align:left&#8221; use_theme_fonts=&#8221;yes&#8221; css=&#8221;.vc_custom_1537277189574{margin-bottom: 0px !important;padding-top: 7px !important;padding-right: 20px !important;padding-left: 88px !important;}&#8221;][\/vc_column][\/vc_row][vc_row css=&#8221;.vc_custom_1537278133454{padding-bottom: 40px !important;}&#8221;][vc_column width=&#8221;1\/3&#8243; css=&#8221;.vc_custom_1475767661161{margin-bottom: 0px !important;}&#8221;][\/vc_column][vc_column width=&#8221;1\/3&#8243; css=&#8221;.vc_custom_1475768150436{margin-bottom: 0px !important;}&#8221; el_class=&#8221;sec-btn&#8221;]<a href=\"https:\/\/wa.link\/ut9k6x\" class=\"wh-alt-button #contact\" >\u00bfNecesitas ayuda? Cont\u00e1ctanos<\/a>[\/vc_column][vc_column width=&#8221;1\/3&#8243;][\/vc_column][\/vc_row][vc_row gap=&#8221;25&#8243; equal_height=&#8221;yes&#8221; css=&#8221;.vc_custom_1489747915040{margin-bottom: 30px !important;padding-bottom: 0px !important;}&#8221;][vc_column][vc_text_separator title=&#8221;&#8221;][vc_row_inner][vc_column_inner width=&#8221;1\/3&#8243;][vc_single_image image=&#8221;3561&#8243; img_size=&#8221;500X200&#8243;][\/vc_column_inner][vc_column_inner width=&#8221;1\/3&#8243;][vc_single_image image=&#8221;3563&#8243; img_size=&#8221;500X200&#8243; alignment=&#8221;center&#8221;][\/vc_column_inner][vc_column_inner width=&#8221;1\/3&#8243;][vc_single_image image=&#8221;3564&#8243; img_size=&#8221;500X200&#8243; alignment=&#8221;center&#8221;][\/vc_column_inner][\/vc_row_inner][vc_row_inner][vc_column_inner width=&#8221;1\/3&#8243;][vc_single_image image=&#8221;3295&#8243; img_size=&#8221;500&#215;200&#8243;][\/vc_column_inner][vc_column_inner width=&#8221;1\/3&#8243;][vc_single_image image=&#8221;3565&#8243; img_size=&#8221;500X200&#8243;][\/vc_column_inner][vc_column_inner width=&#8221;1\/3&#8243;][vc_single_image image=&#8221;3566&#8243; img_size=&#8221;500X200&#8243;][\/vc_column_inner][\/vc_row_inner][\/vc_column][\/vc_row][vc_row full_width=&#8221;stretch_row_content_no_spaces&#8221;][vc_column css=&#8221;.vc_custom_1479285657069{margin-bottom: 0px !important;border-bottom-width: 0px !important;padding-bottom: 0px !important;}&#8221;]<div class=\"wh-map-embellishment\" style=\"width: 96px;margin: 0 auto;\"><svg xmlns=\"http:\/\/www.w3.org\/2000\/svg\" viewBox=\"0 0 96 24\"><style type=\"text\/css\">.embellishment-69ea263c50a81{fill-rule:evenodd;clip-rule:evenodd;fill: #ffffff;}<\/style><path class=\"embellishment-69ea263c50a81\" d=\"M48 0H0c0 0 14.4 0.4 19 5 5.5 5.5 15.8 18.8 29 19 13.2-0.2 23.5-13.5 29-19 4.6-4.6 19-5 19-5H48z\"\/><\/svg><\/div>\n\t\t<script type=\"text\/javascript\">\n\n\t\t\tjQuery(function () {\n\n\n\t\t\t\t\/\/ When the window has finished loading create our google map below\n\t\t\t\tgoogle.maps.event.addDomListener(window, 'load', function () {\n\n\n\t\t\t\t\t\/\/ Basic options for a simple Google Map\n\t\t\t\t\t\/\/ For more options see: https:\/\/developers.google.com\/maps\/documentation\/javascript\/reference#MapOptions\n\t\t\t\t\tvar mapOptions = {\n\t\t\t\t\t\t\/\/ How zoomed in you want the map to start at (always required)\n\t\t\t\t\t\tzoom: 8,\n\n\t\t\t\t\t\t\/\/ The latitude and longitude to center the map (always required)\n\t\t\t\t\t\tcenter: new google.maps.LatLng(9.010836, -79.489215),\n\n\n\t\t\t\t\t\t\t\t\t\t\t\tscrollwheel: false,\n\t\t\t\t\t\t\n\t\t\t\t\t\t\t\t\t\t\t\t\/\/ How you would like to style the map.\n\t\t\t\t\t\t\/\/ This is where you would paste any style found on Snazzy Maps.\n\t\t\t\t\t\tstyles: [{\"featureType\":\"road\",\"elementType\":\"geometry\",\"stylers\":[{\"visibility\":\"off\"}]},{\"featureType\":\"poi\",\"elementType\":\"geometry\",\"stylers\":[{\"visibility\":\"off\"}]},{\"featureType\":\"landscape\",\"elementType\":\"geometry\",\"stylers\":[{\"color\":\"#FFFAF0\"}]},{\"featureType\":\"water\",\"stylers\":[{\"color\":\"#d9edf7\"}]},{\"featureType\":\"road\",\"elementType\":\"labels\",\"stylers\":[{\"visibility\":\"off\"}]},{\"featureType\":\"transit\",\"stylers\":[{\"visibility\":\"off\"}]},{\"featureType\":\"administrative\",\"elementType\":\"geometry\",\"stylers\":[{\"lightness\":40}]},{\"featureType\":\"poi.park\",\"elementType\":\"geometry\",\"stylers\":[{\"visibility\":\"on\",\"color\":\"#c5dac6\"}]},{\"featureType\":\"landscape.natural.terrain\",\"elementType\":\"geometry.fill\",\"stylers\":[{\"visibility\":\"on\"},{\"color\":\"#CCAA88\"},{\"lightness\":40}]},{\"featureType\":\"landscape.man_made\",\"elementType\":\"geometry.fill\",\"stylers\":[{\"visibility\":\"on\"},{\"color\":\"#EEEEEE\"}]},{\"featureType\":\"road\",\"stylers\":[{\"visibility\":\"simplified\"},{\"color\":\"#FF0000\"},{\"gamma\":9}]},{\"featureType\":\"road.highway\",\"stylers\":[{\"visibility\":\"on\"},{\"color\":\"#FF0000\"},{\"gamma\":8}]},{\"featureType\":\"road.highway.controlled_access\",\"stylers\":[{\"visibility\":\"on\"},{\"color\":\"#FF0000\"},{\"gamma\":4}]},{\"featureType\":\"road\",\"elementType\":\"labels\",\"stylers\":[{\"visibility\":\"off\"}]},{\"featureType\":\"poi.government\",\"elementType\":\"geometry\",\"stylers\":[{\"visibility\":\"on\"},{\"color\":\"#DDDDDD\"}]},{\"featureType\":\"transit.station\",\"elementType\":\"geometry\",\"stylers\":[{\"visibility\":\"on\"},{\"color\":\"#CCCCCC\"}]},{\"featureType\":\"transit.line\",\"elementType\":\"geometry\",\"stylers\":[{\"visibility\":\"on\"},{\"color\":\"#AAAAAA\"},{\"gamma\":4}]}]\n\t\t\t\t\t\t\t\t\t\t\t};\n\n\n\t\t\t\t\t\/\/ Get the HTML DOM element that will contain your map\n\t\t\t\t\t\/\/ We are using a div with id=\"map\" seen below in the <body>\n\t\t\t\t\tvar mapElement = document.getElementById('theme-map-69ea263c50aa3');\n\n\t\t\t\t\t\/\/ Create the Google Map using our element and options defined above\n\t\t\t\t\tvar map = new google.maps.Map(mapElement, mapOptions);\n\n\t\t\t\t\t\/\/ Let's also add a marker while we're at it\n\t\t\t\t\tvar marker = new google.maps.Marker({\n\t\t\t\t\t\tposition: new google.maps.LatLng(9.010836, -79.489215),\n\t\t\t\t\t\tmap: map,\n\t\t\t\t\t\ttitle: ''\n\t\t\t\t\t});\n\n\n\t\t\t\t});\n\t\t\t});\n\n\t\t<\/script>\n\n\t\t<div id=\"theme-map-69ea263c50aa3\" style=\"width: 100%; height:366px;\"\n\t\t     class=\"\"><\/div>\n\n\n\t\t[\/vc_column][\/vc_row][vc_row gap=&#8221;30&#8243; equal_height=&#8221;yes&#8221; disable_element=&#8221;yes&#8221; css=&#8221;.vc_custom_1538136176143{padding-top: 50px !important;padding-bottom: 50px !important;}&#8221;][vc_column width=&#8221;1\/2&#8243; css=&#8221;.vc_custom_1538135944328{padding-top: 50px !important;padding-right: 20px !important;padding-bottom: 50px !important;padding-left: 20px !important;background-image: url(http:\/\/www.atlantiscool.com.pa\/es\/wp-content\/uploads\/2018\/09\/aire.jpg?id=2808) !important;}&#8221;][vc_empty_space height=&#8221;120px&#8221;]\n\t\t<div class=\"wh-content-box special-offers-box\" >\n\t\t\t\t\t\t\t<a class=\"wh-content-box-link\"\n\t\t\t\t   href=\"special-offer\/99-95-check-up-and-cleaning\/\"\n\t\t\t\t\t\t\t\t\t\t\t\t\t\t\t\t\t\t\t\t><\/a>\n\t\t\t\n\t\t\t[vc_custom_heading text=&#8221;<b>MINI SPLIT LENNOX 18.000 BTU <\/b>&#8221; font_container=&#8221;tag:h4|font_size:18px|text_align:left|color:%23ffffff&#8221; use_theme_fonts=&#8221;yes&#8221; css=&#8221;.vc_custom_1537594145348{margin-bottom: 0px !important;padding-bottom: 20px !important;}&#8221;][vc_raw_html el_class=&#8221;price-line&#8221;]JTNDcCUzRSUzQ3NwYW4lM0UlMjQ1MDAuMDAlMjAlM0MlMkZzcGFuJTNFJTNDJTJGcCUzRQ==[\/vc_raw_html][vc_custom_heading text=&#8221;PRECIO NO INCLUYE ITBMS&#8221; font_container=&#8221;tag:p|font_size:13px|text_align:left|color:%23ffffff|line_height:20px&#8221; use_theme_fonts=&#8221;yes&#8221;]\t\t<\/div>\n\n\n\n\t\t[vc_row_inner el_class=&#8221;wh-banner-btn-row&#8221;][vc_column_inner]<a href=\"http:\/\/www.atlantiscool.com.pa\/es\/special-offer\/aprovecha-esta-oferta-termina-en-octubre-2018\/\" class=\"wh-button wh-banner-btn wh-borderless hoverable\" ><span class=\"anim\"><\/span>Conecer m\u00e1s<\/a>[\/vc_column_inner][\/vc_row_inner][vc_empty_space height=&#8221;120px&#8221;][\/vc_column][vc_column width=&#8221;1\/2&#8243; css=&#8221;.vc_custom_1538136094178{background-image: url(http:\/\/www.atlantiscool.com.pa\/es\/wp-content\/uploads\/2018\/09\/protec.jpg?id=2807) !important;}&#8221;][vc_empty_space height=&#8221;120px&#8221;]\n\t\t<div class=\"wh-content-box special-offers-box\" >\n\t\t\t\t\t\t\t<a class=\"wh-content-box-link\"\n\t\t\t\t   href=\"special-offer\/winter-special-25-off-any-service\/\"\n\t\t\t\t\t\t\t\t\t\t\t\t\t\t\t\t\t\t\t\t><\/a>\n\t\t\t\n\t\t\t[vc_custom_heading text=&#8221;<b>PROCTECTOR DE VOLTAJE 220 V<\/b>&#8221; font_container=&#8221;tag:h4|font_size:18px|text_align:left|color:%23ffffff&#8221; use_theme_fonts=&#8221;yes&#8221; css=&#8221;.vc_custom_1537592936525{margin-bottom: 0px !important;padding-bottom: 20px !important;}&#8221;][vc_raw_html el_class=&#8221;price-line&#8221;]JTNDcCUzRSUzQ3NwYW4lM0UlMjQxMy40NiUyMCUzQyUyRnNwYW4lM0UlM0MlMkZwJTNF[\/vc_raw_html][vc_custom_heading text=&#8221;VALIDA DEL 21\/09\/2018 AL 30\/09\/2018 Precio no incluye ITBMS.&#8221; font_container=&#8221;tag:p|font_size:13px|text_align:left|color:%23ffffff|line_height:20px&#8221; use_theme_fonts=&#8221;yes&#8221;]\t\t<\/div>\n\n\n\n\t\t[vc_row_inner el_class=&#8221;wh-banner-btn-row&#8221;][vc_column_inner]<a href=\"http:\/\/www.atlantiscool.com.pa\/es\/special-offer\/aprovecha-ofertas-especiales-de-septiembre\/\" class=\"wh-button wh-banner-btn wh-borderless hoverable\" ><span class=\"anim\"><\/span><b>Conocer m\u00e1s<\/b><\/a>[\/vc_column_inner][\/vc_row_inner][vc_empty_space height=&#8221;120px&#8221;][\/vc_column][\/vc_row]<\/p>\n<\/div>","protected":false},"excerpt":{"rendered":"<p>[vc_row][vc_column][\/vc_column][\/vc_row][vc_row full_height=&#8221;yes&#8221; equal_height=&#8221;yes&#8221; css=&#8221;.vc_custom_1538105576192{background-color: #f3f3f3 !important;}&#8221;][vc_column width=&#8221;1\/2&#8243; css=&#8221;.vc_custom_1538101901481{border-top-width: 6px !important;border-right-width: 6px !important;border-bottom-width: 6px !important;border-left-width: 6px !important;padding-top: 36px !important;padding-right: 36px !important;padding-bottom:&nbsp;<a href=\"https:\/\/www.atlantiscool.com.pa\/es\/\">[&hellip;]<\/a><\/p>\n","protected":false},"author":1,"featured_media":0,"parent":0,"menu_order":0,"comment_status":"closed","ping_status":"closed","template":"template-home.php","meta":{"footnotes":""},"class_list":["post-13","page","type-page","status-publish","hentry"],"_links":{"self":[{"href":"https:\/\/www.atlantiscool.com.pa\/es\/wp-json\/wp\/v2\/pages\/13","targetHints":{"allow":["GET"]}}],"collection":[{"href":"https:\/\/www.atlantiscool.com.pa\/es\/wp-json\/wp\/v2\/pages"}],"about":[{"href":"https:\/\/www.atlantiscool.com.pa\/es\/wp-json\/wp\/v2\/types\/page"}],"author":[{"embeddable":true,"href":"https:\/\/www.atlantiscool.com.pa\/es\/wp-json\/wp\/v2\/users\/1"}],"replies":[{"embeddable":true,"href":"https:\/\/www.atlantiscool.com.pa\/es\/wp-json\/wp\/v2\/comments?post=13"}],"version-history":[{"count":237,"href":"https:\/\/www.atlantiscool.com.pa\/es\/wp-json\/wp\/v2\/pages\/13\/revisions"}],"predecessor-version":[{"id":3740,"href":"https:\/\/www.atlantiscool.com.pa\/es\/wp-json\/wp\/v2\/pages\/13\/revisions\/3740"}],"wp:attachment":[{"href":"https:\/\/www.atlantiscool.com.pa\/es\/wp-json\/wp\/v2\/media?parent=13"}],"curies":[{"name":"wp","href":"https:\/\/api.w.org\/{rel}","templated":true}]}}